{"id":1260,"date":"2022-12-14T10:09:37","date_gmt":"2022-12-14T10:09:37","guid":{"rendered":"https:\/\/www.uncleunicorn.se\/om-oss-copy\/"},"modified":"2024-11-19T10:37:09","modified_gmt":"2024-11-19T10:37:09","slug":"om-oss-2","status":"publish","type":"page","link":"https:\/\/www.uncleunicorn.se\/en\/om-oss-2\/","title":{"rendered":"About"},"content":{"rendered":"<p>[et_pb_section fb_built=&#8221;1&#8243; _builder_version=&#8221;4.14.7&#8243; _module_preset=&#8221;default&#8221; background_color=&#8221;#ffffe4&#8243; background_enable_image=&#8221;off&#8221; module_alignment=&#8221;center&#8221; height_tablet=&#8221;&#8221; height_phone=&#8221;&#8221; height_last_edited=&#8221;on|tablet&#8221; custom_margin=&#8221;||||false|false&#8221; custom_padding=&#8221;||68px|||&#8221; animation_style=&#8221;fade&#8221; hover_enabled=&#8221;0&#8243; background_last_edited=&#8221;on|phone&#8221; background_enable_color_tablet=&#8221;off&#8221; background_enable_color_phone=&#8221;off&#8221; background_enable_image_tablet=&#8221;off&#8221; background_enable_image_phone=&#8221;off&#8221; global_colors_info=&#8221;{}&#8221; sticky_enabled=&#8221;0&#8243;][et_pb_row _builder_version=&#8221;4.14.7&#8243; _module_preset=&#8221;default&#8221; width=&#8221;58%&#8221; width_tablet=&#8221;80%&#8221; width_phone=&#8221;80%&#8221; width_last_edited=&#8221;on|desktop&#8221; module_alignment=&#8221;center&#8221; custom_margin=&#8221;19px||||false|false&#8221; custom_padding=&#8221;||||false|false&#8221; global_colors_info=&#8221;{}&#8221;][et_pb_column type=&#8221;4_4&#8243; _builder_version=&#8221;4.11.2&#8243; _module_preset=&#8221;default&#8221; global_colors_info=&#8221;{}&#8221;][et_pb_text _builder_version=&#8221;4.14.7&#8243; _module_preset=&#8221;default&#8221; text_font=&#8221;Proxima Nova Alt Regular||||||||&#8221; text_font_size=&#8221;18px&#8221; header_font=&#8221;Proxima Nova Alt Light|300|||||||&#8221; header_text_align=&#8221;left&#8221; header_font_size=&#8221;3em&#8221; background_enable_image=&#8221;off&#8221; background_layout=&#8221;dark&#8221; width=&#8221;70%&#8221; width_tablet=&#8221;auto&#8221; width_phone=&#8221;100%&#8221; width_last_edited=&#8221;on|desktop&#8221; custom_margin=&#8221;||||false|false&#8221; custom_padding=&#8221;||32px||false|false&#8221; header_font_size_tablet=&#8221;&#8221; header_font_size_phone=&#8221;2em&#8221; header_font_size_last_edited=&#8221;on|phone&#8221; global_colors_info=&#8221;{}&#8221;]<\/p>\n<h1><span style=\"color: #000000;\">We enable better business through communication<\/span><\/h1>\n<p>[\/et_pb_text][et_pb_text _builder_version=&#8221;4.14.7&#8243; _module_preset=&#8221;default&#8221; text_font=&#8221;Proxima Nova Alt Regular||||||||&#8221; text_text_color=&#8221;#ff6248&#8243; text_font_size=&#8221;1.3em&#8221; text_line_height=&#8221;1.6em&#8221; header_font=&#8221;Proxima Nova Alt Light|300|||||||&#8221; header_text_align=&#8221;left&#8221; header_4_text_color=&#8221;#ff6248&#8243; background_enable_image=&#8221;off&#8221; background_layout=&#8221;dark&#8221; width_tablet=&#8221;100%&#8221; width_phone=&#8221;&#8221; width_last_edited=&#8221;on|phone&#8221; custom_margin=&#8221;||20px||false|false&#8221; custom_margin_tablet=&#8221;&#8221; custom_margin_phone=&#8221;11px||22px||false|false&#8221; custom_margin_last_edited=&#8221;on|phone&#8221; custom_padding=&#8221;||||false|false&#8221; text_line_height_tablet=&#8221;1.6em&#8221; text_line_height_phone=&#8221;1.6em&#8221; text_line_height_last_edited=&#8221;on|phone&#8221; global_colors_info=&#8221;{}&#8221;]<\/p>\n<p><span style=\"color: #000000;\"><span>The obvious solution isn\u2019t always obvious. Because communication doesn\u2019t only compete with advertising \u2013 but with cat videos, always-on news feeds and packed schedules. The battle for attention is more demanding than ever, calling for constant relevance and transformative thinking. If we are to succeed, our communication simply can\u2019t be molded by what used to be \u2013 we have to venture past it and find new perspectives. We are expert communicators, but our clients are the ultimate experts in terms of their business and operations. So, when we say that we enable better business, rather than creating it \u2013 it\u2019s because we have to work together to reach shared goals.<\/span><\/span><\/p>\n<p>[\/et_pb_text][\/et_pb_column][\/et_pb_row][et_pb_row column_structure=&#8221;1_4,3_4&#8243; _builder_version=&#8221;4.14.7&#8243; _module_preset=&#8221;default&#8221; width=&#8221;58%&#8221; width_tablet=&#8221;80%&#8221; width_phone=&#8221;80%&#8221; width_last_edited=&#8221;on|phone&#8221; custom_margin=&#8221;-30px||||false|false&#8221; custom_margin_tablet=&#8221;-60px||||false|false&#8221; custom_margin_phone=&#8221;-40px||||false|false&#8221; custom_margin_last_edited=&#8221;on|phone&#8221; custom_padding=&#8221;||25px||false|false&#8221; global_colors_info=&#8221;{}&#8221;][et_pb_column type=&#8221;1_4&#8243; _builder_version=&#8221;4.11.2&#8243; _module_preset=&#8221;default&#8221; global_colors_info=&#8221;{}&#8221;][et_pb_image src=&#8221;https:\/\/www.uncleunicorn.se\/wp-content\/uploads\/2022\/12\/UU_Unicorn_cirkel.png&#8221; title_text=&#8221;UU_Unicorn_cirkel&#8221; _builder_version=&#8221;4.14.7&#8243; _module_preset=&#8221;default&#8221; width=&#8221;77%&#8221; width_tablet=&#8221;33%&#8221; width_phone=&#8221;56%&#8221; width_last_edited=&#8221;on|phone&#8221; custom_margin_tablet=&#8221;&#8221; custom_margin_phone=&#8221;&#8221; custom_margin_last_edited=&#8221;on|tablet&#8221; custom_padding_tablet=&#8221;18px||||false|false&#8221; custom_padding_phone=&#8221;18px||||false|false&#8221; custom_padding_last_edited=&#8221;on|tablet&#8221; global_colors_info=&#8221;{}&#8221;][\/et_pb_image][\/et_pb_column][et_pb_column type=&#8221;3_4&#8243; _builder_version=&#8221;4.11.2&#8243; _module_preset=&#8221;default&#8221; global_colors_info=&#8221;{}&#8221;][et_pb_text _builder_version=&#8221;4.14.7&#8243; _module_preset=&#8221;default&#8221; text_text_color=&#8221;#ff6248&#8243; width=&#8221;100%&#8221; module_alignment=&#8221;left&#8221; custom_margin=&#8221;0px||0px|0px|false|false&#8221; custom_margin_tablet=&#8221;23px||||false|false&#8221; custom_margin_phone=&#8221;23px||||false|false&#8221; custom_margin_last_edited=&#8221;on|tablet&#8221; custom_padding=&#8221;||0px||false|false&#8221; global_colors_info=&#8221;{}&#8221;]<\/p>\n<h3><span style=\"color: #ff6248;\">We are<\/span><\/h3>\n<p><span style=\"color: #000000;\">Uncle Unicorn is an advertising agency where every employee has substantial advertising industry experience and success. On top of this, we add other skills and roles such as marketing director experience and media strategy, not to forget experience from having worked as journalists, buyers and coders. We\u2019re dedicated in our commitment to enable business value through communication, to our craft, to transformation, to our colleagues and to the people we work with. Our office is in Gothenburg, but our workplace is the world \u2013 working with both domestic and international brands.<\/span><\/p>\n<p>[\/et_pb_text][\/et_pb_column][\/et_pb_row][et_pb_row column_structure=&#8221;1_4,3_4&#8243; _builder_version=&#8221;4.14.7&#8243; _module_preset=&#8221;default&#8221; width=&#8221;58%&#8221; width_tablet=&#8221;80%&#8221; width_phone=&#8221;80%&#8221; width_last_edited=&#8221;on|phone&#8221; custom_margin=&#8221;-30px||||false|false&#8221; custom_margin_tablet=&#8221;-60px||||false|false&#8221; custom_margin_phone=&#8221;-40px||||false|false&#8221; custom_margin_last_edited=&#8221;on|phone&#8221; custom_padding=&#8221;||25px||false|false&#8221; global_colors_info=&#8221;{}&#8221;][et_pb_column type=&#8221;1_4&#8243; _builder_version=&#8221;4.11.2&#8243; _module_preset=&#8221;default&#8221; global_colors_info=&#8221;{}&#8221;][et_pb_image src=&#8221;https:\/\/www.uncleunicorn.se\/wp-content\/uploads\/2023\/02\/UU_ikon_moln.svg&#8221; title_text=&#8221;UU_ikon_moln&#8221; _builder_version=&#8221;4.14.7&#8243; _module_preset=&#8221;default&#8221; width=&#8221;77%&#8221; width_tablet=&#8221;77%&#8221; width_phone=&#8221;56%&#8221; width_last_edited=&#8221;on|phone&#8221; max_width_tablet=&#8221;33%&#8221; max_width_phone=&#8221;100%&#8221; max_width_last_edited=&#8221;on|phone&#8221; custom_margin_tablet=&#8221;53px||||false|false&#8221; custom_margin_phone=&#8221;53px||||false|false&#8221; custom_margin_last_edited=&#8221;on|tablet&#8221; global_colors_info=&#8221;{}&#8221;][\/et_pb_image][\/et_pb_column][et_pb_column type=&#8221;3_4&#8243; _builder_version=&#8221;4.11.2&#8243; _module_preset=&#8221;default&#8221; global_colors_info=&#8221;{}&#8221;][et_pb_text _builder_version=&#8221;4.14.7&#8243; _module_preset=&#8221;default&#8221; width=&#8221;100%&#8221; module_alignment=&#8221;left&#8221; custom_margin=&#8221;41px||0px|0px|false|false&#8221; custom_padding=&#8221;||0px||false|false&#8221; global_colors_info=&#8221;{}&#8221;]<\/p>\n<h3><span style=\"color: #ff6248;\">We offer<\/span><\/h3>\n<p class=\"p1\"><span style=\"color: #000000;\">Communication in every shape and form. Digital, of course \u2013 but above all, we offer creative solutions, concepts and strategies which can be applied to whichever media is the right one for your brand and business. Both in the shape of one-off projects, and in large and long-term collaborations.<\/span><\/p>\n<p>[\/et_pb_text][\/et_pb_column][\/et_pb_row][et_pb_row column_structure=&#8221;1_4,3_4&#8243; _builder_version=&#8221;4.14.7&#8243; _module_preset=&#8221;default&#8221; width=&#8221;58%&#8221; width_tablet=&#8221;80%&#8221; width_phone=&#8221;80%&#8221; width_last_edited=&#8221;on|phone&#8221; custom_margin=&#8221;-30px||||false|false&#8221; custom_margin_tablet=&#8221;-60px||||false|false&#8221; custom_margin_phone=&#8221;-40px||||false|false&#8221; custom_margin_last_edited=&#8221;on|phone&#8221; custom_padding=&#8221;||25px||false|false&#8221; global_colors_info=&#8221;{}&#8221;][et_pb_column type=&#8221;1_4&#8243; _builder_version=&#8221;4.11.2&#8243; _module_preset=&#8221;default&#8221; global_colors_info=&#8221;{}&#8221;][et_pb_image src=&#8221;https:\/\/www.uncleunicorn.se\/wp-content\/uploads\/2023\/02\/UU_ikon_pratbubbla_hjarta.svg&#8221; title_text=&#8221;UU_ikon_pratbubbla_hjarta&#8221; _builder_version=&#8221;4.14.7&#8243; _module_preset=&#8221;default&#8221; width=&#8221;77%&#8221; width_tablet=&#8221;77%&#8221; width_phone=&#8221;77%&#8221; width_last_edited=&#8221;on|phone&#8221; max_width_tablet=&#8221;33%&#8221; max_width_phone=&#8221;56%&#8221; max_width_last_edited=&#8221;on|phone&#8221; custom_margin_tablet=&#8221;49px||||false|false&#8221; custom_margin_phone=&#8221;49px||||false|false&#8221; custom_margin_last_edited=&#8221;on|phone&#8221; custom_padding_tablet=&#8221;0px||0px||false|false&#8221; custom_padding_phone=&#8221;0px||0px||false|false&#8221; custom_padding_last_edited=&#8221;on|phone&#8221; global_colors_info=&#8221;{}&#8221;][\/et_pb_image][\/et_pb_column][et_pb_column type=&#8221;3_4&#8243; _builder_version=&#8221;4.11.2&#8243; _module_preset=&#8221;default&#8221; global_colors_info=&#8221;{}&#8221;][et_pb_text _builder_version=&#8221;4.14.7&#8243; _module_preset=&#8221;default&#8221; width=&#8221;100%&#8221; module_alignment=&#8221;left&#8221; custom_margin=&#8221;55px||0px|0px|false|false&#8221; custom_margin_tablet=&#8221;30px||||false|false&#8221; custom_margin_phone=&#8221;30px||||false|false&#8221; custom_margin_last_edited=&#8221;on|tablet&#8221; custom_padding=&#8221;||0px||false|false&#8221; custom_padding_tablet=&#8221;||0px||false|false&#8221; custom_padding_phone=&#8221;||0px||false|false&#8221; custom_padding_last_edited=&#8221;on|tablet&#8221; global_colors_info=&#8221;{}&#8221;]<\/p>\n<h3><span style=\"color: #ff6248;\">We do<\/span><\/h3>\n<p><span style=\"color: #000000;\">We enable better business through creating communication that grabs attention, engages and facilitates change. <\/span><span><span style=\"color: #000000;\">Read about our business areas<\/span> <a href=\"https:\/\/www.uncleunicorn.se\/en\/business_areas\"><span style=\"color: #000000;\"><span style=\"text-decoration: underline;\"><strong><span style=\"color: #ff6248; text-decoration: underline;\">here<\/span><\/strong><\/span><\/span>\u00a0<\/a><\/span><span style=\"color: #000000;\"><\/span><\/p>\n<p>[\/et_pb_text][\/et_pb_column][\/et_pb_row][et_pb_row custom_padding_last_edited=&#8221;on|phone&#8221; _builder_version=&#8221;4.14.7&#8243; _module_preset=&#8221;default&#8221; width=&#8221;58%&#8221; width_tablet=&#8221;81%&#8221; width_phone=&#8221;81%&#8221; width_last_edited=&#8221;on|tablet&#8221; max_width_tablet=&#8221;2560%&#8221; max_width_phone=&#8221;2560%&#8221; max_width_last_edited=&#8221;on|tablet&#8221; custom_margin=&#8221;40px|auto|-1px|auto|false|false&#8221; custom_margin_tablet=&#8221;40px||106px||false|false&#8221; custom_margin_phone=&#8221;||105px||false|false&#8221; custom_margin_last_edited=&#8221;on|phone&#8221; custom_padding_tablet=&#8221;&#8221; custom_padding_phone=&#8221;1px||0px||false|false&#8221; module_alignment_tablet=&#8221;&#8221; module_alignment_phone=&#8221;&#8221; module_alignment_last_edited=&#8221;on|tablet&#8221; global_colors_info=&#8221;{}&#8221;][et_pb_column type=&#8221;4_4&#8243; _builder_version=&#8221;4.14.7&#8243; _module_preset=&#8221;default&#8221; global_colors_info=&#8221;{}&#8221;][et_pb_text _builder_version=&#8221;4.14.7&#8243; _module_preset=&#8221;default&#8221; width=&#8221;100%&#8221; global_colors_info=&#8221;{}&#8221;]<\/p>\n<h3 class=\"p1\"><span style=\"color: #ff6248;\"><span>Does this sound right for you and your brand?\u00a0<\/span><\/span><\/h3>\n<p class=\"p1\"><span style=\"color: #000000;\">Get in touch \u2013 we\u2019d love to have a chat over phone, video call, or maybe stop by our office for a well-brewed cup of coffee.<\/span><\/p>\n<p>[\/et_pb_text][et_pb_button button_url=&#8221;@ET-DC@eyJkeW5hbWljIjp0cnVlLCJjb250ZW50IjoicG9zdF9saW5rX3VybF9wYWdlIiwic2V0dGluZ3MiOnsicG9zdF9pZCI6IjEzMjEifX0=@&#8221; button_text=&#8221;Contact us here&#8221; _builder_version=&#8221;4.14.7&#8243; _dynamic_attributes=&#8221;button_url&#8221; _module_preset=&#8221;default&#8221; custom_button=&#8221;on&#8221; button_text_size=&#8221;17px&#8221; button_text_color=&#8221;#FFFFFF&#8221; button_bg_color=&#8221;#ff6248&#8243; button_border_width=&#8221;0px&#8221; button_border_radius=&#8221;71px&#8221; custom_margin=&#8221;32px||||false|false&#8221; global_colors_info=&#8221;{}&#8221;][\/et_pb_button][\/et_pb_column][\/et_pb_row][et_pb_row _builder_version=&#8221;4.14.7&#8243; _module_preset=&#8221;default&#8221; width=&#8221;58%&#8221; width_tablet=&#8221;80%&#8221; width_phone=&#8221;80%&#8221; width_last_edited=&#8221;on|phone&#8221; hover_enabled=&#8221;0&#8243; global_colors_info=&#8221;{}&#8221; custom_padding=&#8221;110px||||false|false&#8221; custom_margin=&#8221;0px||||false|false&#8221; sticky_enabled=&#8221;0&#8243; custom_padding_last_edited=&#8221;on|phone&#8221; custom_padding_phone=&#8221;37px||||false|false&#8221; custom_padding_tablet=&#8221;110px||||false|false&#8221;][et_pb_column type=&#8221;4_4&#8243; _builder_version=&#8221;4.14.7&#8243; _module_preset=&#8221;default&#8221; global_colors_info=&#8221;{}&#8221;][et_pb_text _builder_version=&#8221;4.14.7&#8243; _module_preset=&#8221;default&#8221; hover_enabled=&#8221;0&#8243; sticky_enabled=&#8221;0&#8243;]<\/p>\n<h3><strong>UC Standard<\/strong><\/h3>\n<p>[\/et_pb_text][et_pb_code _builder_version=&#8221;4.14.7&#8243; _module_preset=&#8221;default&#8221; hover_enabled=&#8221;0&#8243; global_colors_info=&#8221;{}&#8221; sticky_enabled=&#8221;0&#8243;]<a href=\"https:\/\/www.uc.se\/risksigill2\/?showorg=556783-1887&#038;language=swe&#038;special=\" title=\"Sigillet \u00e4r utf\u00e4rdat av UC AB. Klicka p\u00e5 bilden f\u00f6r information om UC:s Riskklasser.\" target=\"_blank\" rel=\"noopener\"><img src=https:\/\/www.uc.se\/ucsigill2\/sigill?org=556783-1887&#038;language=swe&#038;product=lsa&#038;special=&#038;fontcolor=b&#038;type=png alt=\"\" style=\"border:0;\"\/><\/a>[\/et_pb_code][\/et_pb_column][\/et_pb_row][et_pb_row _builder_version=&#8221;4.14.7&#8243; _module_preset=&#8221;default&#8221; width=&#8221;58%&#8221; width_tablet=&#8221;80%&#8221; width_phone=&#8221;80%&#8221; width_last_edited=&#8221;on|phone&#8221; hover_enabled=&#8221;0&#8243; global_colors_info=&#8221;{}&#8221; custom_padding=&#8221;0px||||false|false&#8221; custom_margin=&#8221;17px||||false|false&#8221; sticky_enabled=&#8221;0&#8243;][et_pb_column type=&#8221;4_4&#8243; _builder_version=&#8221;4.14.7&#8243; _module_preset=&#8221;default&#8221; global_colors_info=&#8221;{}&#8221;][et_pb_text _builder_version=&#8221;4.14.7&#8243; _module_preset=&#8221;default&#8221; hover_enabled=&#8221;0&#8243; sticky_enabled=&#8221;0&#8243;]<\/p>\n<h3><strong>ARU<\/strong><\/h3>\n<p>[\/et_pb_text][et_pb_image src=&#8221;https:\/\/www.uncleunicorn.se\/en\/wp-content\/uploads\/2024\/11\/ARU_png.png&#8221; _builder_version=&#8221;4.14.7&#8243; _module_preset=&#8221;default&#8221; title_text=&#8221;ARU_png&#8221; hover_enabled=&#8221;0&#8243; sticky_enabled=&#8221;0&#8243; width_last_edited=&#8221;on|phone&#8221; width=&#8221;8%&#8221; width_tablet=&#8221;21%&#8221; width_phone=&#8221;28%&#8221;][\/et_pb_image][\/et_pb_column][\/et_pb_row][et_pb_row _builder_version=&#8221;4.14.7&#8243; _module_preset=&#8221;default&#8221; width=&#8221;58%&#8221; width_tablet=&#8221;80%&#8221; width_phone=&#8221;80%&#8221; width_last_edited=&#8221;on|phone&#8221; hover_enabled=&#8221;0&#8243; global_colors_info=&#8221;{}&#8221; custom_padding=&#8221;24px||||false|false&#8221; custom_margin=&#8221;0px||||false|false&#8221; sticky_enabled=&#8221;0&#8243;][et_pb_column type=&#8221;4_4&#8243; _builder_version=&#8221;4.14.7&#8243; _module_preset=&#8221;default&#8221; global_colors_info=&#8221;{}&#8221;][et_pb_text _builder_version=&#8221;4.14.7&#8243; _module_preset=&#8221;default&#8221; hover_enabled=&#8221;0&#8243; sticky_enabled=&#8221;0&#8243;]<\/p>\n<h3>Komm! Membership certificate\u00a0<\/h3>\n<p>[\/et_pb_text][et_pb_image src=&#8221;https:\/\/www.uncleunicorn.se\/en\/wp-content\/uploads\/2024\/11\/medlemsbevis-onaz5-uncle-unicorn-ab-3891-2024.png&#8221; _builder_version=&#8221;4.14.7&#8243; _module_preset=&#8221;default&#8221; title_text=&#8221;medlemsbevis-onaz5-uncle-unicorn-ab-3891-2024&#8243; hover_enabled=&#8221;0&#8243; sticky_enabled=&#8221;0&#8243; width_last_edited=&#8221;on|phone&#8221; width=&#8221;25%&#8221; width_tablet=&#8221;41%&#8221; width_phone=&#8221;66%&#8221; custom_margin=&#8221;13px||||false|false&#8221;][\/et_pb_image][\/et_pb_column][\/et_pb_row][et_pb_row _builder_version=&#8221;4.14.7&#8243; _module_preset=&#8221;default&#8221; width=&#8221;58%&#8221; width_tablet=&#8221;80%&#8221; width_phone=&#8221;80%&#8221; width_last_edited=&#8221;on|phone&#8221; module_alignment=&#8221;center&#8221; hover_enabled=&#8221;0&#8243; global_colors_info=&#8221;{}&#8221; sticky_enabled=&#8221;0&#8243;][et_pb_column type=&#8221;4_4&#8243; _builder_version=&#8221;4.14.7&#8243; _module_preset=&#8221;default&#8221; global_colors_info=&#8221;{}&#8221;][et_pb_text _builder_version=&#8221;4.14.7&#8243; _module_preset=&#8221;default&#8221; hover_enabled=&#8221;0&#8243; sticky_enabled=&#8221;0&#8243;]<\/p>\n<h3><strong>GDPR and integrity policy<\/strong><\/h3>\n<p>[\/et_pb_text][et_pb_text _builder_version=&#8221;4.14.7&#8243; _dynamic_attributes=&#8221;link_option_url&#8221; _module_preset=&#8221;default&#8221; custom_margin=&#8221;8px||||false|false&#8221; link_option_url=&#8221;@ET-DC@eyJkeW5hbWljIjp0cnVlLCJjb250ZW50IjoicG9zdF9saW5rX3VybF9wYWdlIiwic2V0dGluZ3MiOnsicG9zdF9pZCI6IjMifX0=@&#8221; hover_enabled=&#8221;0&#8243; global_colors_info=&#8221;{}&#8221; sticky_enabled=&#8221;0&#8243;]<\/p>\n<h6 class=\"p1\"><span style=\"text-decoration: underline; color: #ff6248;\"><a href=\"https:\/\/www.uncleunicorn.se\/privacy-policy\/\" target=\"_blank\" rel=\"noopener\" style=\"color: #ff6248; text-decoration: underline;\"><\/a><a href=\"https:\/\/www.uncleunicorn.se\/en\/privacy-policy\/\" target=\"_blank\" rel=\"noopener\">Read our GDPR &amp; integrity policy and our rules of ethics.<\/a><a href=\"https:\/\/www.uncleunicorn.se\/privacy-policy\/\" target=\"_blank\" rel=\"noopener\" style=\"color: #ff6248; text-decoration: underline;\"><\/a><\/span><\/h6>\n<p>[\/et_pb_text][\/et_pb_column][\/et_pb_row][\/et_pb_section]<\/p>\n","protected":false},"excerpt":{"rendered":"<p>We enable better business through communicationThe obvious solution isn\u2019t always obvious. Because communication doesn\u2019t only compete with advertising \u2013 but with cat videos, always-on news feeds and packed schedules. The battle for attention is more demanding than ever, calling for constant relevance and transformative thinking. If we are to succeed, our communication simply can\u2019t be [&hellip;]<\/p>\n","protected":false},"author":1,"featured_media":0,"parent":0,"menu_order":0,"comment_status":"closed","ping_status":"closed","template":"","meta":{"_et_pb_use_builder":"on","_et_pb_old_content":"","_et_gb_content_width":"","inline_featured_image":false,"footnotes":""},"class_list":["post-1260","page","type-page","status-publish","hentry"],"yoast_head":"<!-- This site is optimized with the Yoast SEO plugin v27.5 - https:\/\/yoast.com\/product\/yoast-seo-wordpress\/ -->\n<title>About - Uncle Unicorn<\/title>\n<meta name=\"robots\" content=\"index, follow, max-snippet:-1, max-image-preview:large, max-video-preview:-1\" \/>\n<link rel=\"canonical\" href=\"https:\/\/www.uncleunicorn.se\/en\/om-oss-2\/\" \/>\n<meta property=\"og:locale\" content=\"en_US\" \/>\n<meta property=\"og:type\" content=\"article\" \/>\n<meta property=\"og:title\" content=\"About - Uncle Unicorn\" \/>\n<meta property=\"og:description\" content=\"We enable better business through communicationThe obvious solution isn\u2019t always obvious. Because communication doesn\u2019t only compete with advertising \u2013 but with cat videos, always-on news feeds and packed schedules. The battle for attention is more demanding than ever, calling for constant relevance and transformative thinking. If we are to succeed, our communication simply can\u2019t be [&hellip;]\" \/>\n<meta property=\"og:url\" content=\"https:\/\/www.uncleunicorn.se\/en\/om-oss-2\/\" \/>\n<meta property=\"og:site_name\" content=\"Uncle Unicorn\" \/>\n<meta property=\"article:modified_time\" content=\"2024-11-19T10:37:09+00:00\" \/>\n<meta name=\"twitter:card\" content=\"summary_large_image\" \/>\n<meta name=\"twitter:label1\" content=\"Est. reading time\" \/>\n\t<meta name=\"twitter:data1\" content=\"3 minutes\" \/>\n<script type=\"application\/ld+json\" class=\"yoast-schema-graph\">{\"@context\":\"https:\\\/\\\/schema.org\",\"@graph\":[{\"@type\":\"WebPage\",\"@id\":\"https:\\\/\\\/www.uncleunicorn.se\\\/en\\\/om-oss-2\\\/\",\"url\":\"https:\\\/\\\/www.uncleunicorn.se\\\/en\\\/om-oss-2\\\/\",\"name\":\"About - Uncle Unicorn\",\"isPartOf\":{\"@id\":\"https:\\\/\\\/www.uncleunicorn.se\\\/en\\\/#website\"},\"datePublished\":\"2022-12-14T10:09:37+00:00\",\"dateModified\":\"2024-11-19T10:37:09+00:00\",\"breadcrumb\":{\"@id\":\"https:\\\/\\\/www.uncleunicorn.se\\\/en\\\/om-oss-2\\\/#breadcrumb\"},\"inLanguage\":\"en-US\",\"potentialAction\":[{\"@type\":\"ReadAction\",\"target\":[\"https:\\\/\\\/www.uncleunicorn.se\\\/en\\\/om-oss-2\\\/\"]}]},{\"@type\":\"BreadcrumbList\",\"@id\":\"https:\\\/\\\/www.uncleunicorn.se\\\/en\\\/om-oss-2\\\/#breadcrumb\",\"itemListElement\":[{\"@type\":\"ListItem\",\"position\":1,\"name\":\"Home\",\"item\":\"https:\\\/\\\/www.uncleunicorn.se\\\/en\\\/\"},{\"@type\":\"ListItem\",\"position\":2,\"name\":\"About\"}]},{\"@type\":\"WebSite\",\"@id\":\"https:\\\/\\\/www.uncleunicorn.se\\\/en\\\/#website\",\"url\":\"https:\\\/\\\/www.uncleunicorn.se\\\/en\\\/\",\"name\":\"Uncle Unicorn\",\"description\":\"\",\"potentialAction\":[{\"@type\":\"SearchAction\",\"target\":{\"@type\":\"EntryPoint\",\"urlTemplate\":\"https:\\\/\\\/www.uncleunicorn.se\\\/en\\\/?s={search_term_string}\"},\"query-input\":{\"@type\":\"PropertyValueSpecification\",\"valueRequired\":true,\"valueName\":\"search_term_string\"}}],\"inLanguage\":\"en-US\"}]}<\/script>\n<!-- \/ Yoast SEO plugin. -->","yoast_head_json":{"title":"About - Uncle Unicorn","robots":{"index":"index","follow":"follow","max-snippet":"max-snippet:-1","max-image-preview":"max-image-preview:large","max-video-preview":"max-video-preview:-1"},"canonical":"https:\/\/www.uncleunicorn.se\/en\/om-oss-2\/","og_locale":"en_US","og_type":"article","og_title":"About - Uncle Unicorn","og_description":"We enable better business through communicationThe obvious solution isn\u2019t always obvious. Because communication doesn\u2019t only compete with advertising \u2013 but with cat videos, always-on news feeds and packed schedules. The battle for attention is more demanding than ever, calling for constant relevance and transformative thinking. If we are to succeed, our communication simply can\u2019t be [&hellip;]","og_url":"https:\/\/www.uncleunicorn.se\/en\/om-oss-2\/","og_site_name":"Uncle Unicorn","article_modified_time":"2024-11-19T10:37:09+00:00","twitter_card":"summary_large_image","twitter_misc":{"Est. reading time":"3 minutes"},"schema":{"@context":"https:\/\/schema.org","@graph":[{"@type":"WebPage","@id":"https:\/\/www.uncleunicorn.se\/en\/om-oss-2\/","url":"https:\/\/www.uncleunicorn.se\/en\/om-oss-2\/","name":"About - Uncle Unicorn","isPartOf":{"@id":"https:\/\/www.uncleunicorn.se\/en\/#website"},"datePublished":"2022-12-14T10:09:37+00:00","dateModified":"2024-11-19T10:37:09+00:00","breadcrumb":{"@id":"https:\/\/www.uncleunicorn.se\/en\/om-oss-2\/#breadcrumb"},"inLanguage":"en-US","potentialAction":[{"@type":"ReadAction","target":["https:\/\/www.uncleunicorn.se\/en\/om-oss-2\/"]}]},{"@type":"BreadcrumbList","@id":"https:\/\/www.uncleunicorn.se\/en\/om-oss-2\/#breadcrumb","itemListElement":[{"@type":"ListItem","position":1,"name":"Home","item":"https:\/\/www.uncleunicorn.se\/en\/"},{"@type":"ListItem","position":2,"name":"About"}]},{"@type":"WebSite","@id":"https:\/\/www.uncleunicorn.se\/en\/#website","url":"https:\/\/www.uncleunicorn.se\/en\/","name":"Uncle Unicorn","description":"","potentialAction":[{"@type":"SearchAction","target":{"@type":"EntryPoint","urlTemplate":"https:\/\/www.uncleunicorn.se\/en\/?s={search_term_string}"},"query-input":{"@type":"PropertyValueSpecification","valueRequired":true,"valueName":"search_term_string"}}],"inLanguage":"en-US"}]}},"_links":{"self":[{"href":"https:\/\/www.uncleunicorn.se\/en\/wp-json\/wp\/v2\/pages\/1260","targetHints":{"allow":["GET"]}}],"collection":[{"href":"https:\/\/www.uncleunicorn.se\/en\/wp-json\/wp\/v2\/pages"}],"about":[{"href":"https:\/\/www.uncleunicorn.se\/en\/wp-json\/wp\/v2\/types\/page"}],"author":[{"embeddable":true,"href":"https:\/\/www.uncleunicorn.se\/en\/wp-json\/wp\/v2\/users\/1"}],"replies":[{"embeddable":true,"href":"https:\/\/www.uncleunicorn.se\/en\/wp-json\/wp\/v2\/comments?post=1260"}],"version-history":[{"count":12,"href":"https:\/\/www.uncleunicorn.se\/en\/wp-json\/wp\/v2\/pages\/1260\/revisions"}],"predecessor-version":[{"id":1370,"href":"https:\/\/www.uncleunicorn.se\/en\/wp-json\/wp\/v2\/pages\/1260\/revisions\/1370"}],"wp:attachment":[{"href":"https:\/\/www.uncleunicorn.se\/en\/wp-json\/wp\/v2\/media?parent=1260"}],"curies":[{"name":"wp","href":"https:\/\/api.w.org\/{rel}","templated":true}]}}